{"id":85,"date":"2020-12-30T21:05:07","date_gmt":"2020-12-30T20:05:07","guid":{"rendered":"http:\/\/hypnose-linstant-present.fr\/?page_id=85"},"modified":"2021-11-07T15:47:21","modified_gmt":"2021-11-07T14:47:21","slug":"a-propos-de","status":"publish","type":"page","link":"https:\/\/hypnose-linstant-present.fr\/?page_id=85","title":{"rendered":"L&rsquo;hypnose"},"content":{"rendered":"\n<div class=\"wp-block-media-text alignwide has-media-on-the-right is-stacked-on-mobile\" style=\"grid-template-columns:auto 40%\"><figure class=\"wp-block-media-text__media\"><img loading=\"lazy\" decoding=\"async\" width=\"636\" height=\"1024\" src=\"https:\/\/hypnose-linstant-present.fr\/wp-content\/uploads\/2021\/01\/Chemin-1-636x1024.jpg\" alt=\"\" class=\"wp-image-247 size-full\" srcset=\"https:\/\/hypnose-linstant-present.fr\/wp-content\/uploads\/2021\/01\/Chemin-1-636x1024.jpg 636w, https:\/\/hypnose-linstant-present.fr\/wp-content\/uploads\/2021\/01\/Chemin-1-186x300.jpg 186w, https:\/\/hypnose-linstant-present.fr\/wp-content\/uploads\/2021\/01\/Chemin-1-768x1236.jpg 768w, https:\/\/hypnose-linstant-present.fr\/wp-content\/uploads\/2021\/01\/Chemin-1-955x1536.jpg 955w, https:\/\/hypnose-linstant-present.fr\/wp-content\/uploads\/2021\/01\/Chemin-1-1273x2048.jpg 1273w, https:\/\/hypnose-linstant-present.fr\/wp-content\/uploads\/2021\/01\/Chemin-1-scaled.jpg 1591w\" sizes=\"auto, (max-width: 636px) 100vw, 636px\" \/><\/figure><div class=\"wp-block-media-text__content\">\n<p>Je n\u2019ai pas pour objectif de faire une&nbsp;description&nbsp;ou un enseignement&nbsp; sur l\u2019hypnose, beaucoup de sites sp\u00e9cialis\u00e9s le feront certainement mieux.<\/p>\n\n\n\n<p>Mais en voici une&nbsp;explication : <\/p>\n\n\n\n<p>On dit&nbsp; que l\u2019hypnose est un \u00e9tat modifi\u00e9 de conscience.          Moi, vous, tout le monde, entrons plusieurs fois par jour dans cet \u00e9tat naturel.<\/p>\n\n\n\n<p>Pour que vous compreniez, voici un exemple :                              Lorsque vous lisez un livre et \u00eates totalement absorb\u00e9, alors les pages se tournent, le temps passe plus rapidement, l\u2019imagination s\u2019active, on est transport\u00e9 ailleurs&nbsp;(on pourrait faire le m\u00eame parall\u00e8le avec le cin\u00e9ma)<\/p>\n\n\n\n<p>Et bien l\u2019hypnose, c\u2019est cela.                                                              Un recentrage sur soi-m\u00eame, un \u00e9tat&nbsp;d\u2019absorption dans ce qui nous captive,&nbsp;mais vous gardez \u00e0 tout moment conscience de ce qu\u2019il se passe.<\/p>\n\n\n\n<p>Souvent on associe l\u2019\u00e9tat d\u2019hypnose avec la d\u00e9tente pour rendre l\u2019exp\u00e9rience tr\u00e8s agr\u00e9able.                                                                 En hypnose cet \u00e9tat modifi\u00e9 de conscience permet de communiquer plus efficacement avec le \u00ab&nbsp;vous int\u00e9rieur \u00bb que l\u2019on appelle souvent \u00ab&nbsp;l\u2019inconscient&nbsp;\u00bb afin de pouvoir y puiser des ressources que l\u2019on pensait souvent perdu.<\/p>\n\n\n\n<p><strong>L\u2019hypnoth\u00e9rapeute est l\u00e0 pour vous guider vers le changement.<\/strong><\/p>\n\n\n\n<p>La cl\u00e9 de cette pratique repose sur une participation active du patient, qui poss\u00e8de les ressources n\u00e9cessaires pour r\u00e9pondre aux situations qu&rsquo;il rencontre et effectuer ainsi une transformation int\u00e9rieure positive.                                                               Ainsi les changements sont totalement naturels et s\u2019int\u00e8gre parfaitement dans votre quotidien.<\/p>\n\n\n\n<p>&nbsp;Cet inconscient vous aidera \u00e0 atteindre vos objectifs et c\u2019est pour cela que <strong>le changement vient de vous<\/strong>.<\/p>\n<\/div><\/div>\n\n\n\n<div style=\"height:41px\" aria-hidden=\"true\" class=\"wp-block-spacer\"><\/div>\n\n\n\n<p class=\"has-text-align-left\">L&rsquo;hypnose est <strong>une th\u00e9rapie br\u00e8ve<\/strong> pour r\u00e9soudre un probl\u00e8me, <strong>mettre en place des solutions<\/strong>, r\u00e9aliser ses r\u00eaves et envies.<\/p>\n\n\n\n<p>L&rsquo;hypnose&nbsp;permet par exemple de&nbsp;remonter \u00e0 la source de votre probl\u00e8me, \u00e0 la toute premi\u00e8re fois o\u00f9 vous avez mis en place un m\u00e9canisme de d\u00e9fense, de mani\u00e8re \u00e0 vous aider \u00e0<strong>&nbsp;<\/strong>changer votre perception de ce probl\u00e8me et \u00e0 l&rsquo;effacer.<\/p>\n\n\n\n<p>Elle permet \u00e9galement de se visualiser en train de r\u00e9ussir une action (un examen, un entretien d&#8217;embauche, une comp\u00e9tition sportive) ou de&nbsp;<strong>r\u00e9aliser ses r\u00eaves<\/strong>&nbsp;(se d\u00e9barrasser de croyances limitantes et mettre en place des actions concr\u00e8tes, gagner en confiance en soi, obtenir le corps que l&rsquo;on souhaite, etc&#8230;)<\/p>\n\n\n\n<p>Durant l&rsquo;hypnose,&nbsp;<strong>vous rester ma\u00eetre de la situation<\/strong>, vous ne perdez pas le contr\u00f4le \u00e0 aucun moment, et votre esprit subconscient&nbsp;ne prend en compte que les suggestions qu&rsquo;il consid\u00e8re comme b\u00e9n\u00e9fiques pour vous.<\/p>\n\n\n\n<p>L&rsquo;hypnose est <strong>une m\u00e9thode douce<\/strong>, s\u00fbre et efficace pour rendre durable les changements dans votre mani\u00e8re de penser, de ressentir et de vous comporter.&nbsp;<\/p>\n\n\n\n<p><strong>Si vous \u00eates pr\u00eats<\/strong>&nbsp;\u00e0 faire quelques changements dans votre vie, l&rsquo;hypnose peut vous y aider.<\/p>\n\n\n\n<p>C&rsquo;est une&nbsp;<strong>exp\u00e9rience agr\u00e9able et relaxante<\/strong>&nbsp;qui permet \u00e0 votre subconscient de prendre en compte les suggestions&nbsp;qui vous aident le plus. Ce n&rsquo;est pas un&nbsp;rem\u00e8de miracle, mais une solution qui peut r\u00e9ellement vous&nbsp;aider \u00e0 changer plus facilement et efficacement.<\/p>\n\n\n\n<p><strong>L&rsquo;hypnose est un moyen de se d\u00e9barrasser de ce que l&rsquo;on n&rsquo;est plus ou de ce que l&rsquo;on ne veut plus \u00eatre, pour devenir qui l&rsquo;on est vraiment.<\/strong><\/p>\n\n\n\n<div style=\"height:41px\" aria-hidden=\"true\" class=\"wp-block-spacer\"><\/div>\n\n\n\n<div class=\"wp-block-media-text alignwide is-stacked-on-mobile\" style=\"grid-template-columns:39% auto\"><figure class=\"wp-block-media-text__media\"><img loading=\"lazy\" decoding=\"async\" width=\"1024\" height=\"661\" src=\"https:\/\/hypnose-linstant-present.fr\/wp-content\/uploads\/2021\/01\/Oeil-1024x661.jpg\" alt=\"\" class=\"wp-image-250 size-full\" srcset=\"https:\/\/hypnose-linstant-present.fr\/wp-content\/uploads\/2021\/01\/Oeil-1024x661.jpg 1024w, https:\/\/hypnose-linstant-present.fr\/wp-content\/uploads\/2021\/01\/Oeil-300x194.jpg 300w, https:\/\/hypnose-linstant-present.fr\/wp-content\/uploads\/2021\/01\/Oeil-768x496.jpg 768w, https:\/\/hypnose-linstant-present.fr\/wp-content\/uploads\/2021\/01\/Oeil.jpg 1517w\" sizes=\"auto, (max-width: 1024px) 100vw, 1024px\" \/><\/figure><div class=\"wp-block-media-text__content\">\n<p><strong>Vous avez peur de l\u2019hypnose&nbsp;?<\/strong><\/p>\n\n\n\n<p>Oui c&rsquo;est vrai, elle suscite g\u00e9n\u00e9ralement beaucoup de questions parce qu&rsquo;elle fait \u00e9cho \u00e0 tout un imaginaire, notamment sur la manipulation et le contr\u00f4le.<\/p>\n\n\n\n<p><strong>L\u2019hypnoth\u00e9rapeute&nbsp;n\u2019a pas des \u00ab&nbsp;pouvoirs occultes&nbsp;\u00bb.<\/strong><\/p>\n\n\n\n<p><strong>La s\u00e9ance d\u2019hypnose th\u00e9rapeutique n\u2019est pas une prise de \u00ab&nbsp;pouvoir&nbsp;\u00bb du praticien sur le consultant.<\/strong><\/p>\n\n\n\n<p>Pendant la s\u00e9ance d\u2019hypnose, on ne dort pas et on ne nous fait pas faire ou dire n\u2019importe quoi : ce n\u2019est pas de l\u2019hypnose de spectacle.<\/p>\n\n\n\n<p>L\u2019Hypnose th\u00e9rapeutique n\u2019est pas \u00ab&nbsp;magique&nbsp;\u00bb : la plupart des probl\u00e9matiques n\u00e9cessitent que le consultant accepte de faire plusieurs s\u00e9ances et s\u2019implique lui-m\u00eame totalement dans le processus de changement.<\/p>\n<\/div><\/div>\n\n\n\n<div style=\"height:31px\" aria-hidden=\"true\" class=\"wp-block-spacer\"><\/div>\n\n\n\n<p class=\"has-text-align-left\"><strong>La recette de la r\u00e9ussite&nbsp;:&nbsp;<\/strong><\/p>\n\n\n\n<p class=\"has-text-align-left\">Une dose de <strong>volont\u00e9<\/strong>&nbsp;: je veux entrer en hypnose \/&nbsp;je veux r\u00e9soudre ce probl\u00e8me&nbsp;(je ne viens pas parce que l&rsquo;on me la demand\u00e9 ou sugg\u00e9r\u00e9 mais parce que je veux changer \u2026 on vient&nbsp;pour soit ! pas pour les autres.)&nbsp;<\/p>\n\n\n\n<p class=\"has-text-align-left\">Une <strong>confiance<\/strong> en son hypnoth\u00e9rapeute, sinon vous n&rsquo;aurez pas envie de l&rsquo;\u00e9couter.<\/p>\n\n\n\n<p class=\"has-text-align-left\">Une capacit\u00e9 \u00e0<strong>&nbsp;suivre les instructions<\/strong>&nbsp;: c&rsquo;est vous qui agissez !                        L&rsquo;hypnoth\u00e9rapeute n&rsquo;est l\u00e0 que pour vous guider (s\u2019il vous dit c&rsquo;est \u00e0 droite et que vous allez \u00e0 gauche, vous arriverez quelque part c&rsquo;est s\u00fbr&#8230;mais pas au sommet)<\/p>\n\n\n\n<div style=\"height:41px\" aria-hidden=\"true\" class=\"wp-block-spacer\"><\/div>\n\n\n\n<div class=\"wp-block-image\"><figure class=\"aligncenter size-large is-resized\"><img loading=\"lazy\" decoding=\"async\" src=\"https:\/\/hypnose-linstant-present.fr\/wp-content\/uploads\/2021\/01\/Sommet-768x1024.jpg\" alt=\"\" class=\"wp-image-254\" width=\"387\" height=\"516\" srcset=\"https:\/\/hypnose-linstant-present.fr\/wp-content\/uploads\/2021\/01\/Sommet-768x1024.jpg 768w, https:\/\/hypnose-linstant-present.fr\/wp-content\/uploads\/2021\/01\/Sommet-225x300.jpg 225w, https:\/\/hypnose-linstant-present.fr\/wp-content\/uploads\/2021\/01\/Sommet-1152x1536.jpg 1152w, https:\/\/hypnose-linstant-present.fr\/wp-content\/uploads\/2021\/01\/Sommet-1536x2048.jpg 1536w, https:\/\/hypnose-linstant-present.fr\/wp-content\/uploads\/2021\/01\/Sommet-scaled.jpg 1920w\" sizes=\"auto, (max-width: 387px) 100vw, 387px\" \/><\/figure><\/div>\n\n\n\n<div style=\"height:32px\" aria-hidden=\"true\" class=\"wp-block-spacer\"><\/div>\n\n\n\n<p>Elle est indiqu\u00e9e dans de nombreux domaines&nbsp;:&nbsp;douleurs, angoisse, anxi\u00e9t\u00e9, d\u00e9pression, phobies et addictions.<\/p>\n\n\n\n<p>Les contres indications sont faibles, hormis les troubles de la personnalit\u00e9, comme la schizophr\u00e9nie, \u00e9pilepsie, psychoses, troubles cardiaques s\u00e9v\u00e8res et parano\u00efa.<\/p>\n\n\n\n<p><strong>A savoir<\/strong><\/p>\n\n\n\n<p>&nbsp;La s\u00e9ance d\u2019hypnose n\u2019est pas une consultation m\u00e9dicale. Si vous pensez avoir un probl\u00e8me qui rel\u00e8ve de la m\u00e9decine : vous devez consulter le corps m\u00e9dical.<\/p>\n\n\n\n<p>De m\u00eame, la s\u00e9ance d\u2019hypnose ne se substitue en aucun cas \u00e0 un traitement m\u00e9dical : <strong>vous ne devez pas interrompre votre traitement sans avis m\u00e9dical.<\/strong><\/p>\n\n\n\n<div style=\"height:31px\" aria-hidden=\"true\" class=\"wp-block-spacer\"><\/div>\n\n\n\n<ul class=\"wp-block-social-links is-layout-flex wp-block-social-links-is-layout-flex\"><li class=\"wp-social-link wp-social-link-instagram  wp-block-social-link\"><a href=\"https:\/\/instagram.com\/l.instant.present_?igshid=famnm59i3xvh\" class=\"wp-block-social-link-anchor\"><svg width=\"24\" height=\"24\" viewBox=\"0 0 24 24\" version=\"1.1\" xmlns=\"http:\/\/www.w3.org\/2000\/svg\" aria-hidden=\"true\" focusable=\"false\"><path d=\"M12,4.622c2.403,0,2.688,0.009,3.637,0.052c0.877,0.04,1.354,0.187,1.671,0.31c0.42,0.163,0.72,0.358,1.035,0.673 c0.315,0.315,0.51,0.615,0.673,1.035c0.123,0.317,0.27,0.794,0.31,1.671c0.043,0.949,0.052,1.234,0.052,3.637 s-0.009,2.688-0.052,3.637c-0.04,0.877-0.187,1.354-0.31,1.671c-0.163,0.42-0.358,0.72-0.673,1.035 c-0.315,0.315-0.615,0.51-1.035,0.673c-0.317,0.123-0.794,0.27-1.671,0.31c-0.949,0.043-1.233,0.052-3.637,0.052 s-2.688-0.009-3.637-0.052c-0.877-0.04-1.354-0.187-1.671-0.31c-0.42-0.163-0.72-0.358-1.035-0.673 c-0.315-0.315-0.51-0.615-0.673-1.035c-0.123-0.317-0.27-0.794-0.31-1.671C4.631,14.688,4.622,14.403,4.622,12 s0.009-2.688,0.052-3.637c0.04-0.877,0.187-1.354,0.31-1.671c0.163-0.42,0.358-0.72,0.673-1.035 c0.315-0.315,0.615-0.51,1.035-0.673c0.317-0.123,0.794-0.27,1.671-0.31C9.312,4.631,9.597,4.622,12,4.622 M12,3 C9.556,3,9.249,3.01,8.289,3.054C7.331,3.098,6.677,3.25,6.105,3.472C5.513,3.702,5.011,4.01,4.511,4.511 c-0.5,0.5-0.808,1.002-1.038,1.594C3.25,6.677,3.098,7.331,3.054,8.289C3.01,9.249,3,9.556,3,12c0,2.444,0.01,2.751,0.054,3.711 c0.044,0.958,0.196,1.612,0.418,2.185c0.23,0.592,0.538,1.094,1.038,1.594c0.5,0.5,1.002,0.808,1.594,1.038 c0.572,0.222,1.227,0.375,2.185,0.418C9.249,20.99,9.556,21,12,21s2.751-0.01,3.711-0.054c0.958-0.044,1.612-0.196,2.185-0.418 c0.592-0.23,1.094-0.538,1.594-1.038c0.5-0.5,0.808-1.002,1.038-1.594c0.222-0.572,0.375-1.227,0.418-2.185 C20.99,14.751,21,14.444,21,12s-0.01-2.751-0.054-3.711c-0.044-0.958-0.196-1.612-0.418-2.185c-0.23-0.592-0.538-1.094-1.038-1.594 c-0.5-0.5-1.002-0.808-1.594-1.038c-0.572-0.222-1.227-0.375-2.185-0.418C14.751,3.01,14.444,3,12,3L12,3z M12,7.378 c-2.552,0-4.622,2.069-4.622,4.622S9.448,16.622,12,16.622s4.622-2.069,4.622-4.622S14.552,7.378,12,7.378z M12,15 c-1.657,0-3-1.343-3-3s1.343-3,3-3s3,1.343,3,3S13.657,15,12,15z M16.804,6.116c-0.596,0-1.08,0.484-1.08,1.08 s0.484,1.08,1.08,1.08c0.596,0,1.08-0.484,1.08-1.08S17.401,6.116,16.804,6.116z\"><\/path><\/svg><span class=\"wp-block-social-link-label screen-reader-text\">Instagram<\/span><\/a><\/li>\n\n<li class=\"wp-social-link wp-social-link-facebook  wp-block-social-link\"><a href=\"https:\/\/www.facebook.com\/Linstant-pr%C3%A9sent-108491274401449\" class=\"wp-block-social-link-anchor\"><svg width=\"24\" height=\"24\" viewBox=\"0 0 24 24\" version=\"1.1\" xmlns=\"http:\/\/www.w3.org\/2000\/svg\" aria-hidden=\"true\" focusable=\"false\"><path d=\"M12 2C6.5 2 2 6.5 2 12c0 5 3.7 9.1 8.4 9.9v-7H7.9V12h2.5V9.8c0-2.5 1.5-3.9 3.8-3.9 1.1 0 2.2.2 2.2.2v2.5h-1.3c-1.2 0-1.6.8-1.6 1.6V12h2.8l-.4 2.9h-2.3v7C18.3 21.1 22 17 22 12c0-5.5-4.5-10-10-10z\"><\/path><\/svg><span class=\"wp-block-social-link-label screen-reader-text\">Facebook<\/span><\/a><\/li>\n\n<li class=\"wp-social-link wp-social-link-mail  wp-block-social-link\"><a href=\"mailto:dbeucher57@gmail.com\" class=\"wp-block-social-link-anchor\"><svg width=\"24\" height=\"24\" viewBox=\"0 0 24 24\" version=\"1.1\" xmlns=\"http:\/\/www.w3.org\/2000\/svg\" aria-hidden=\"true\" focusable=\"false\"><path d=\"M19,5H5c-1.1,0-2,.9-2,2v10c0,1.1.9,2,2,2h14c1.1,0,2-.9,2-2V7c0-1.1-.9-2-2-2zm.5,12c0,.3-.2.5-.5.5H5c-.3,0-.5-.2-.5-.5V9.8l7.5,5.6,7.5-5.6V17zm0-9.1L12,13.6,4.5,7.9V7c0-.3.2-.5.5-.5h14c.3,0,.5.2.5.5v.9z\"><\/path><\/svg><span class=\"wp-block-social-link-label screen-reader-text\">E-mail<\/span><\/a><\/li><\/ul>\n","protected":false},"excerpt":{"rendered":"<p>Je n\u2019ai pas pour objectif de faire une&nbsp;description&nbsp;ou un enseignement&nbsp; sur l\u2019hypnose, beaucoup de sites sp\u00e9cialis\u00e9s le feront certainement mieux. Mais en voici une&nbsp;explication : On dit&nbsp; que l\u2019hypnose est un \u00e9tat modifi\u00e9 de conscience. Moi, vous, tout le monde, entrons plusieurs fois par jour dans cet \u00e9tat naturel. Pour que vous compreniez, voici un&hellip;&nbsp;<a href=\"https:\/\/hypnose-linstant-present.fr\/?page_id=85\" class=\"\" rel=\"bookmark\">Lire la suite &raquo;<span class=\"screen-reader-text\">L&rsquo;hypnose<\/span><\/a><\/p>\n","protected":false},"author":1,"featured_media":0,"parent":0,"menu_order":0,"comment_status":"closed","ping_status":"closed","template":"","meta":{"neve_meta_sidebar":"full-width","neve_meta_container":"contained","neve_meta_enable_content_width":"on","neve_meta_content_width":90,"neve_meta_title_alignment":"left","neve_meta_author_avatar":"","neve_post_elements_order":"","neve_meta_disable_header":"","neve_meta_disable_footer":"","neve_meta_disable_title":"","_ti_tpc_template_sync":false,"_ti_tpc_template_id":"","footnotes":""},"class_list":["post-85","page","type-page","status-publish","hentry"],"_links":{"self":[{"href":"https:\/\/hypnose-linstant-present.fr\/index.php?rest_route=\/wp\/v2\/pages\/85","targetHints":{"allow":["GET"]}}],"collection":[{"href":"https:\/\/hypnose-linstant-present.fr\/index.php?rest_route=\/wp\/v2\/pages"}],"about":[{"href":"https:\/\/hypnose-linstant-present.fr\/index.php?rest_route=\/wp\/v2\/types\/page"}],"author":[{"embeddable":true,"href":"https:\/\/hypnose-linstant-present.fr\/index.php?rest_route=\/wp\/v2\/users\/1"}],"replies":[{"embeddable":true,"href":"https:\/\/hypnose-linstant-present.fr\/index.php?rest_route=%2Fwp%2Fv2%2Fcomments&post=85"}],"version-history":[{"count":24,"href":"https:\/\/hypnose-linstant-present.fr\/index.php?rest_route=\/wp\/v2\/pages\/85\/revisions"}],"predecessor-version":[{"id":368,"href":"https:\/\/hypnose-linstant-present.fr\/index.php?rest_route=\/wp\/v2\/pages\/85\/revisions\/368"}],"wp:attachment":[{"href":"https:\/\/hypnose-linstant-present.fr\/index.php?rest_route=%2Fwp%2Fv2%2Fmedia&parent=85"}],"curies":[{"name":"wp","href":"https:\/\/api.w.org\/{rel}","templated":true}]}}